{"id":2,"date":"2026-02-10T14:05:54","date_gmt":"2026-02-10T14:05:54","guid":{"rendered":"http:\/\/pneusdom.com\/?page_id=2"},"modified":"2026-02-10T15:43:55","modified_gmt":"2026-02-10T14:43:55","slug":"sample-page","status":"publish","type":"page","link":"https:\/\/pneusdom.com\/index.php\/sample-page\/","title":{"rendered":"Pneus&rsquo;Dom"},"content":{"rendered":"\n<p>Garage VL \/ VU (sur place au garage : 4 Grande Rue For\u00eat-Chenu 10130 CHAMOY) &#8211; Pneumatiques Poids Lourd (atelier mobile &#8211; d\u00e9placement sur le d\u00e9partement de l&rsquo;aube et limitrophe yonne)<\/p>\n\n\n\n<div class=\"wp-block-buttons is-layout-flex wp-block-buttons-is-layout-flex\">\n<div class=\"wp-block-button\"><a class=\"wp-block-button__link wp-element-button\" href=\"tel:0786610086\">Appeler 07 86 61 00 86<\/a><\/div>\n<\/div>\n\n\n\n<figure class=\"wp-block-image size-large\"><img loading=\"lazy\" decoding=\"async\" width=\"1024\" height=\"768\" src=\"http:\/\/pneusdom.com\/wp-content\/uploads\/2026\/02\/1000095413-1024x768.jpg\" alt=\"\" class=\"wp-image-10\" srcset=\"https:\/\/pneusdom.com\/wp-content\/uploads\/2026\/02\/1000095413-1024x768.jpg 1024w, https:\/\/pneusdom.com\/wp-content\/uploads\/2026\/02\/1000095413-300x225.jpg 300w, https:\/\/pneusdom.com\/wp-content\/uploads\/2026\/02\/1000095413-768x576.jpg 768w, https:\/\/pneusdom.com\/wp-content\/uploads\/2026\/02\/1000095413-1536x1152.jpg 1536w, https:\/\/pneusdom.com\/wp-content\/uploads\/2026\/02\/1000095413.jpg 1600w\" sizes=\"auto, (max-width: 1024px) 100vw, 1024px\" \/><\/figure>\n","protected":false},"excerpt":{"rendered":"<p>Garage VL \/ VU (sur place au garage : 4 Grande Rue For\u00eat-Chenu 10130 CHAMOY) &#8211; Pneumatiques Poids Lourd (atelier mobile &#8211; d\u00e9placement sur le d\u00e9partement de l&rsquo;aube et limitrophe yonne)<\/p>\n","protected":false},"author":1,"featured_media":0,"parent":0,"menu_order":0,"comment_status":"closed","ping_status":"open","template":"","meta":{"footnotes":""},"class_list":["post-2","page","type-page","status-publish","hentry"],"_links":{"self":[{"href":"https:\/\/pneusdom.com\/index.php\/wp-json\/wp\/v2\/pages\/2","targetHints":{"allow":["GET"]}}],"collection":[{"href":"https:\/\/pneusdom.com\/index.php\/wp-json\/wp\/v2\/pages"}],"about":[{"href":"https:\/\/pneusdom.com\/index.php\/wp-json\/wp\/v2\/types\/page"}],"author":[{"embeddable":true,"href":"https:\/\/pneusdom.com\/index.php\/wp-json\/wp\/v2\/users\/1"}],"replies":[{"embeddable":true,"href":"https:\/\/pneusdom.com\/index.php\/wp-json\/wp\/v2\/comments?post=2"}],"version-history":[{"count":3,"href":"https:\/\/pneusdom.com\/index.php\/wp-json\/wp\/v2\/pages\/2\/revisions"}],"predecessor-version":[{"id":11,"href":"https:\/\/pneusdom.com\/index.php\/wp-json\/wp\/v2\/pages\/2\/revisions\/11"}],"wp:attachment":[{"href":"https:\/\/pneusdom.com\/index.php\/wp-json\/wp\/v2\/media?parent=2"}],"curies":[{"name":"wp","href":"https:\/\/api.w.org\/{rel}","templated":true}]}}